{"id":25,"date":"2025-05-04T19:07:12","date_gmt":"2025-05-04T17:07:12","guid":{"rendered":"https:\/\/dom.clickercode.com\/?page_id=25"},"modified":"2025-05-27T18:52:44","modified_gmt":"2025-05-27T16:52:44","slug":"istorijat","status":"publish","type":"page","link":"https:\/\/dom.clickercode.com\/hr\/istorijat\/","title":{"rendered":"Povijest"},"content":{"rendered":"<div class=\"wpb-content-wrapper\"><div class=\"vc_row wpb_row vc_row-fluid\"><div class=\"wpb_column vc_column_container vc_col-sm-12\"><div class=\"vc_column-inner\"><div class=\"wpb_wrapper\">\n\t<div class=\"wpb_text_column wpb_content_element\" >\n\t\t<div class=\"wpb_wrapper\">\n\t\t\t<p>O bogatoj i slavnoj ba\u0161tini, ulozi koju je imao Srpski dom, ali i o obvezi i odgovornosti koja je na nama i pred nama u revitalizaciji i nekom novom po\u010detku nakon dugih 80 godina, najbolje govore i svjedo\u010de kratke, ali va\u017ene crtice iz povijesti same zgrade i njezine uloge u srpskoj zajednici u Vukovaru. O zna\u010daju, ugledu, bogatoj povijesti i tradiciji dana\u0161nje obnovljene i prekrasne barokne gra\u0111evine \u2013 Srpskog doma, govore nam i rijetki sa\u010duvani podaci.<\/p>\n<p>Srpski dom danas je sjedi\u0161te Ustanove u kulturi Srpski dom, jedno od najreprezentativnijih i najva\u017enijih zdanja spomeni\u010dke ba\u0161tine srpske zajednice u gradu Vukovaru, koje zajedno s hramom sv. oca Nikole \u010dini jedinstvenu kulturno-duhovnu cjelinu. O zna\u010daju, ugledu, bogatoj povijesti i tradiciji dana\u0161nje obnovljene i prelijepe gra\u0111evine \u2013 Srpskog doma, govore nam i sljede\u0107i sa\u010duvani podaci koje iznosimo u narednim redovima pred vama.<\/p>\n<p>Pretpostavlja se da je na mjestu dana\u0161nje zgrade Srpskog doma, uz crkvu, postojala pravoslavna srpsko-rusko-slavenska \u0161kola, koju je 1733. godine osnovao kijevski u\u010ditelj Timofej Levandovski. Prvotna zgrada s vremenom je postala oronula, tijesna i mala sa svoje dvije u\u010dionice, pa se javlja potreba za izgradnjom nove, za \u010diju su se obnovu gorljivo zalagali okru\u017eni direktor srpskih \u0161kola Grigorije Ger\u0161i\u0107 i vi\u0161e prosvjetne vlasti. Prije nego \u0161to je i zapo\u010dela gradnja, Vukovar je 1822. godine zadesio veliki po\u017ear, kada je, uz ve\u0107i dio grada, izgorjela i stara srpska \u0161kola. Zgrada nove srpske \u0161kole gradi se na istom mjestu 1835. godine, no i ona s vremenom postaje tijesna.<\/p>\n<p>&nbsp;<\/p>\n<p>Inicijativu za izgradnju novog doma, kakvog poznajemo i danas, dao je 31. prosinca 1903. godine odvjetnik dr. Svetislav Novak, na \u010diju je inicijativu Crkvena op\u0107ina izabrala Odbor za izgradnju, u koji je u\u0161lo 40 uglednih srpskih gra\u0111ana. Za predsjednika Odbora izabran je vukovarski odvjetnik dr. Aleksandar Pei\u010di\u0107, a \u010dlanovi su jo\u0161 bili njegov otac dr. Konstantin Pei\u010di\u0107, tajnik dr. Novak, dok je blagajnik bio veletrgovac To\u0161a Ili\u0107. U Odboru su bili i Radivoj Paunovi\u0107, Mi\u0161a Mihailovi\u0107, a ovom poduzetnom Odboru u pozivu za prikupljanje priloga pridru\u017eili su se mnogi Vukovarci: Lazar Roguli\u0107, Vasa Mihailovi\u0107, Bingulci, Pani\u0107i, Radivojevi\u0107i, Vu\u010dinovi\u0107i, Carevi\u0107i, Stani\u0161i\u0107i, kao i tada\u0161nje srpske institucije u gradu: Srpska \u0161tedionica, Srpska kreditna banka, Srpska \u017eenska dobrotvorna zadruga. Priloga je bilo i sa strane: iz Pan\u010deva (Jovan Bai\u0107), Rume (Antonije Bogdanovi\u0107), Oseka (Osijeka \u2013 Vasa Mua\u010devi\u0107), Po\u017eege (Nikola Jurkovi\u0107), Novog Sada (Gavra Plav\u0161i\u0107), a doprinos su dali i srpski manastiri Hopovo, Grgeteg i Kuve\u017edin. Zahvaljuju\u0107i velikom odazivu i brojnim prilozima, prikupljeno je oko 20.000 tada\u0161njih kruna, te je u rekordnom roku, zahvaljuju\u0107i velikom broju darovatelja, novac brzo skupljen, pa je Srpski dom izgra\u0111en 1904. godine, a zgrada je posve\u0107ena 27. sije\u010dnja 1905. godine na Svetog Savu i bila je u vlasni\u0161tvu Srpske pravoslavne crkvene op\u0107ine.<\/p>\n<p>U novoj zgradi svoje su mjesto za rad i djelovanje prona\u0161le najva\u017enije srpske prosvjetne i kulturne institucije: Vukovarsko srpsko pjeva\u010dko dru\u0161tvo \u201eJavor\u201c, Srpska \u017eenska dobrotvorna zadruga, Srpsko prosvjetno i gospodarsko udru\u017eenje \u201ePosestrima\u201c. Tu su se nalazile i kancelarije Srpske pravoslavne crkvene op\u0107ine. U zgradi je od 1904. do 1919. godine nastavila s radom srpska \u0161kola, u zgradi su bili stanovi za u\u010ditelje, a nakon 1919. godine \u0161kola je \u201epodr\u017eavljena\u201c, odnosno uklju\u010dena u novi prosvjetni sustav novoosnovane Kraljevine SHS.<\/p>\n<p>Ovdje su se, u velikoj dvorani, pod slikama srpskih dobrotvora, obilje\u017eavali nacionalni praznici, odr\u017eavale svetosavske besjede, akademije, dobrotvorne zabave i priredbe, sviralo se, pjevalo i plesalo. Mo\u017ee se re\u0107i da je Srpski dom predstavljao pravi rasadnik najplodonosnije srpske misli te kulturnog, duhovnog, umjetni\u010dkog i dru\u0161tvenog stvarala\u0161tva.<\/p>\n<p>U prostorijama Srpskog doma, vukovarski Srbi ugostili su i \u010detiri srpska patrijarha: Dimitrija (1929.), Varnavu (1931.) i Gavrila (1939.), te su nakon 83 godine ponovno do\u010dekali patrijarha. Naime, 15. i 16. listopada 2022., Njegova Svetost Patrijarh srpski gospodin Porfirije posjetio je Vukovar i tom prilikom posvetio hram sv. oca Nikole i zgradu Srpskog doma.<\/p>\n<p>Tijekom Drugog svjetskog rata, zgrada je pretvorena u njema\u010dko zapovjedni\u0161tvo grada Vukovara, a imovina je od strane dr\u017eavnih organa NDH konfiscirana, otu\u0111ena, slike su raznesene, a inventar i namje\u0161taj uni\u0161teni.<\/p>\n<p>&nbsp;<\/p>\n<p>Nakon rata, Srbi su se jo\u0161 neko vrijeme okupljali oko svog Srpskog doma, osnovan je pododbor SKD Prosvjeta, a u jednom trenutku zgrada je pre\u0161la u vlasni\u0161tvo gradske firme \u201eVelepromet\u201c. S pro\u010delja zgrade uklonjen je \u0107irili\u010dni natpis \u201eSrpski dom\u201c. Zgrada Srpskog doma dodatno je stradala i bila devastirana tijekom ratnih zbivanja 1991. godine.<\/p>\n<p>Kako sje\u0107anje vukovarskih Srba na Srpski dom nije nestalo iz njihovih srca i kako nikada nije uga\u0161ena \u017eelja za povratkom svoga Doma u svoje vlasni\u0161tvo, taj je \u017ear tinjao sve dok se plamen energije, snage i volje nije ujedinio i rasplamsao do kona\u010dnog ostvarenja te\u017enje za povratkom zgrade u vlasni\u0161tvo srpske zajednice. Upravo tako, uporno\u0161\u0107u, strpljenjem i mudro\u0161\u0107u, na\u0161i politi\u010dki i crkveni predstavnici uspjeli su stvoriti realne pretpostavke i temelje za povratak zgrade u krilo svoje zajednice. Tako je kona\u010dno, 30. o\u017eujka 2017., zaklju\u010den Kupoprodajni ugovor izme\u0111u \u201eVeleprometa\u201c kao prodavatelja i Srpske pravoslavne crkvene op\u0107ine Vukovar, Srpskog narodnog vije\u0107a iz Zagreba i Zajedni\u010dkog vije\u0107a op\u0107ina Vukovar, svih zajedno kao kupaca s druge strane, pa su na taj na\u010din svaki od kupaca postali vlasnici 1\/3 nad cjelokupnim nekretninama Srpskog doma. Ovaj posao financijski je pomogla Vlada Republike Srbije, a uz njezinu financijsku pomo\u0107 zapo\u010dela je velika obnova koja je dovr\u0161ena sredstvima Vlade Republike Hrvatske. Projektnom obnovom predvi\u0111ena je i realizirana izgradnja nove vi\u0161efunkcionalne dvorane u dvori\u0161tu kao aneks uz zgradu Srpskog doma, kao i podrumskih prostorija.<\/p>\n<p>Zgrada Srpskog doma danas, na adresi Ulica Europske unije 5, u samom sredi\u0161tu grada Vukovara, odmah do Sabornog hrama sv. oca Nikole, izgra\u0111enog 1737. godine, s kojom \u010dini kulturno-duhovnu cjelinu, kao \u0161to je to bilo od po\u010detka, ponosno i dostojanstveno stoji u novoobnovljenom izgledu, s restauriranim pro\u010deljem i natpisom \u201eSrpski dom\u201c.<\/p>\n<p>Obnovljena, dorasla i dogra\u0111ena veli\u010danstvenom multifunkcionalnom dvoranom za nove kulturne, vjerske i umjetni\u010dke programe te okupljanja gra\u0111ana, ne samo srpske nacionalnosti, nego i svih onih koji znaju cijeniti tradiciju i sav dosada\u0161nji kulturni, duhovni i umjetni\u010dki doprinos pripadnika srpske zajednice, koji s ponosom i velikom odgovorno\u0161\u0107u \u017eele nastaviti stopama svojih slavnih prethodnika.<\/p>\n<p>Na novim temeljima i pretpostavkama, Ustanova u kulturi Srpski dom slu\u017ebeno je zapo\u010dela s radom 1. travnja 2022. godine, kada su dvoje stalno zaposlenih radnika slu\u017ebeno prijavljeni i bavit \u0107e se organizacijom i realizacijom raznih doga\u0111aja iz svih podru\u010dja djelovanja u kulturi, ali na programski vi\u0161oj i tehni\u010dko-logisti\u010dki ja\u010doj razini u odnosu na dosada\u0161nju praksu. Spektar djelatnosti ove ustanove, predvi\u0111en statutom, vrlo je \u0161irok, pa \u0107emo poku\u0161ati predstaviti na\u0161a nastojanja i planove u cilju realizacije svih planiranih programskih aktivnosti.<\/p>\n<p>Na temelju gore iznesenih stavova, jasno je da Srpski dom ima potrebu svoje planove, programe i aktivnosti realizirati uz stru\u010dnu podr\u0161ku zaposlenih. Ovaj se dio detaljnije razra\u0111uje u Pravilniku o unutarnjoj organizaciji i sistematizaciji radnih mjesta. U ovom trenutku tri osobe rade na realizaciji predvi\u0111enog plana i programa rada te svih aktivnosti Ustanove u kulturi Srpski dom u Vukovaru:<\/p>\n<ul>\n<li>direktor<\/li>\n<li>administrativni tajnik i doma\u0107ica Ustanove<\/li>\n<li>voditelj tehnike, tehni\u010dar-domar<\/li>\n<\/ul>\n\n\t\t<\/div>\n\t<\/div>\n<\/div><\/div><\/div><\/div>\n<\/div>","protected":false},"excerpt":{"rendered":"<p>\u041e \u0431\u043e\u0433\u0430\u0442\u043e\u043c \u0438 \u0441\u043b\u0430\u0432\u043d\u043e\u043c \u043d\u0430\u0441\u043b\u0435\u0452\u0443, \u0443\u043b\u043e\u0437\u0438 \u043a\u043e\u0458\u0443 \u0458\u0435 \u0438\u043c\u0430\u043e \u0421\u0440\u043f\u0441\u043a\u0438 \u0434\u043e\u043c, \u0430\u043b\u0438 \u0438 \u043e\u0431\u0430\u0432\u0435\u0437\u0438 \u0438 \u043e\u0434\u0433\u043e\u0432\u043e\u0440\u043d\u043e\u0441\u0442\u0438 \u043a\u043e\u0458\u0430 \u0458\u0435 \u043d\u0430 \u043d\u0430\u043c\u0430 \u0438 \u043f\u0440\u0435\u0434 \u043d\u0430\u043c\u0430 \u0443 \u0440\u0435\u0432\u0438\u0442\u0430\u043b\u0438\u0437\u0430\u0446\u0438\u0458\u0438 \u0438 \u043d\u0435\u043a\u043e\u043c \u043d\u043e\u0432\u043e\u043c \u043f\u043e\u0447\u0435\u0442\u043a\u0443 \u043d\u0430\u043a\u043e\u043d \u0434\u0443\u0433\u0438\u0445 80 \u0433\u043e\u0434\u0438\u043d\u0430,\u00a0 \u043d\u0430\u0458\u0431\u043e\u0459\u0435 \u0433\u043e\u0432\u043e\u0440\u0435 \u0438 \u0441\u0432\u0435\u0434\u043e\u0447\u0435 \u043a\u0440\u0430\u0442\u043a\u0435, \u0430\u043b\u0438 \u0432\u0430\u0436\u043d\u0435 \u0446\u0440\u0442\u0438\u0446\u0435 \u0438\u0437 \u0438\u0441\u0442\u043e\u0440\u0438\u0458\u0430\u0442\u0430 \u0441\u0430\u043c\u0435 \u0437\u0433\u0440\u0430\u0434\u0435 \u0438 \u045a\u0435\u043d\u0435 \u0443\u043b\u043e\u0433\u0435 \u0443 \u0441\u0440\u043f\u0441\u043a\u043e\u0458 \u0437\u0430\u0458\u0435\u0434\u043d\u0438\u0446\u0438 \u0443 \u0412\u0443\u043a\u043e\u0432\u0430\u0440\u0443. \u041e \u0437\u043d\u0430\u0447\u0430\u0458\u0443,&hellip;<\/p>","protected":false},"author":1,"featured_media":0,"parent":0,"menu_order":0,"comment_status":"closed","ping_status":"closed","template":"","meta":{"footnotes":""},"class_list":["post-25","page","type-page","status-publish","hentry","description-off"],"_links":{"self":[{"href":"https:\/\/dom.clickercode.com\/hr\/wp-json\/wp\/v2\/pages\/25","targetHints":{"allow":["GET"]}}],"collection":[{"href":"https:\/\/dom.clickercode.com\/hr\/wp-json\/wp\/v2\/pages"}],"about":[{"href":"https:\/\/dom.clickercode.com\/hr\/wp-json\/wp\/v2\/types\/page"}],"author":[{"embeddable":true,"href":"https:\/\/dom.clickercode.com\/hr\/wp-json\/wp\/v2\/users\/1"}],"replies":[{"embeddable":true,"href":"https:\/\/dom.clickercode.com\/hr\/wp-json\/wp\/v2\/comments?post=25"}],"version-history":[{"count":2,"href":"https:\/\/dom.clickercode.com\/hr\/wp-json\/wp\/v2\/pages\/25\/revisions"}],"predecessor-version":[{"id":66,"href":"https:\/\/dom.clickercode.com\/hr\/wp-json\/wp\/v2\/pages\/25\/revisions\/66"}],"wp:attachment":[{"href":"https:\/\/dom.clickercode.com\/hr\/wp-json\/wp\/v2\/media?parent=25"}],"curies":[{"name":"wp","href":"https:\/\/api.w.org\/{rel}","templated":true}]}}