{"id":32,"date":"2025-05-04T19:12:38","date_gmt":"2025-05-04T17:12:38","guid":{"rendered":"https:\/\/dom.clickercode.com\/?page_id=32"},"modified":"2025-05-27T19:30:02","modified_gmt":"2025-05-27T17:30:02","slug":"programske-aktivnosti-ciljevi","status":"publish","type":"page","link":"https:\/\/dom.clickercode.com\/hr\/programske-aktivnosti-ciljevi\/","title":{"rendered":"Programske aktivnosti - ciljevi"},"content":{"rendered":"<div class=\"wpb-content-wrapper\"><div class=\"vc_row wpb_row vc_row-fluid\"><div class=\"wpb_column vc_column_container vc_col-sm-12\"><div class=\"vc_column-inner\"><div class=\"wpb_wrapper\">\n\t<div class=\"wpb_text_column wpb_content_element\" >\n\t\t<div class=\"wpb_wrapper\">\n\t\t\t<p>Ve\u0107 prema svojoj prvoj odrednici i u skladu sa svojim statutarnih djelatnostima, Ustanova u kulturi Srpski dom podrazumijeva i pretpostavlja svoju primarnu aktivnost i ciljeve:<\/p>\n<ul>\n<li>podr\u0161ka u o\u010duvanju, njegovanju, za\u0161titi, afirmaciji, prezentaciji i promociji kulturne ba\u0161tine srpskog naroda, s ciljem o\u010duvanja kulturne i obrazovne autonomije<\/li>\n<li>rad na podizanju svijesti pripadnika srpske zajednice u Republici Hrvatskoj o njihovom nacionalnom, vjerskom, kulturnom, politi\u010dkom i zavi\u010dajnom identitetu kroz organiziranje simpozija, seminara, stru\u010dnih predavanja, javnih tribina, koncerata, izlo\u017ebi, kazali\u0161nih predstava, radionica, kampova, ljetnih \u0161kola i sekcija<\/li>\n<li>stvaranje preduvjeta za razvoj kulture i umjetnosti<\/li>\n<li>razvijanje suradnje i povezivanje s drugim organizacijama i ustanovama u Republici Hrvatskoj koje imaju isti ili sli\u010dan djelokrug djelovanja, kako pripadnika srpske zajednice, tako i pripadnika ostalih manjinskih zajednica i ve\u0107inskog naroda<\/li>\n<li>razvijanje suradnje i povezivanje s dr\u017eavnim strukturama mati\u010dne dr\u017eave (Ministarstvo kulture Republike Srbije, Pokrajinski sekretarijat za kulturu, Ured za suradnju s dijasporom i Srbima u regiji, fondovi), organizacijama i ustanovama kulture u Republici Srbiji (Narodni muzej Srbije, arhivi, instituti i sl.), kao i sli\u010dnim organizacijama i ustanovama u regiji<\/li>\n<li>priprema i sudjelovanje u doma\u0107im i me\u0111unarodnim programima i projektnim aktivnostima financiranim iz prora\u010dunskih sredstava, doma\u0107ih fondova, fondova Europske unije i drugih me\u0111unarodnih izvora financiranja koji imaju za cilj razvoj kulture, umjetnosti i obrazovanja, ali i pobolj\u0161anje polo\u017eaja srpske zajednice<\/li>\n<li>tehni\u010dko-logisti\u010dka podr\u0161ka u suorganizaciji, koordinaciji i realizaciji programskih aktivnosti ostalih organizacija, udruga i ustanova koje planiraju svoje programske aktivnosti realizirati u Srpskom domu<\/li>\n<li>ulaganje u infrastrukturu radi postizanja i osiguranja tehni\u010dkih i logisti\u010dkih preduvjeta za obavljanje programskih aktivnosti<\/li>\n<li>organiziranje i realizacija stru\u010dnih, znanstvenih ili znanstveno-popularnih ekskurzija<\/li>\n<li>Dru\u0161tveno-humanitarni rad: organiziranje dobrotvornih priredbi i zabava<\/li>\n<li>revitalizacija obilje\u017eavanja zna\u010dajnih vjerskih i nacionalnih doga\u0111aja i datuma (Svetosavski bal, Vidovdan\u2026)<\/li>\n<li>Svi ciljevi i aspekti programskih aktivnosti mogu se svesti na dva osnovna oblika organizacije i realizacije:<\/li>\n<li><strong>samostalne programske aktivnosti Ustanove u kulturi Srpski dom <\/strong><\/li>\n<li><strong>aktivnosti tehni\u010dko-logisti\u010dke podr\u0161ke<\/strong> u formi suorganizacije ili samo podr\u0161ke ostalim organizacijama i institucijama koje svoje programske aktivnosti \u017eele realizirati u prostorijama Srpskog doma<\/li>\n<\/ul>\n<p>&nbsp;<\/p>\n<p>Programske aktivnosti mogu se organizirati u razli\u010ditim kulturno-umjetni\u010dkim oblicima i podru\u010djima za koje Ustanova u kulturi Srpski dom prvenstveno ima tehni\u010dki, logisti\u010dki i stru\u010dni potencijal:<\/p>\n<ul>\n<li>Repertoarni program<\/li>\n<li>Koncertni (glazbeni) program<\/li>\n<li>Filmski program<\/li>\n<li>Program izlo\u017ebi<\/li>\n<li>Organizacija stru\u010dnih skupova, znanstveno-popularnih predavanja, simpozija ili pru\u017eanje logisti\u010dke podr\u0161ke drugim organizatorima istih<\/li>\n<li>Suorganizacija projekata<\/li>\n<li>Izdava\u0161tvo (izdavanje letopisa Srpskog doma \u2013 kronike doga\u0111aja i aktivnosti tijekom godine; izdavanje kataloga izlo\u017ebi, zbirke knji\u017eevnih i likovnih radova)<\/li>\n<li>Podr\u0161ka na\u0161em obrazovno-prosvjetnom sektoru kroz predavanja, organiziranje stru\u010dnih seminara, kazali\u0161nih predstava, koji bi imali cilj ja\u010danja svijesti o zna\u010daju, o\u010duvanju i prednostima \u0161kolovanja po modelu A u Republici Hrvatskoj, s posebnim naglaskom na afirmaciju nacionalne grupe predmeta<\/li>\n<\/ul>\n<p>&nbsp;<\/p>\n<p>Aktivnosti tehni\u010dko-logisti\u010dke podr\u0161ke prvenstveno se ogledaju u obliku suorganizacije ili podr\u0161ke ostalim organizacijama i institucijama koje svoje programske aktivnosti \u017eele realizirati u prostorijama Srpskog doma.<\/p>\n<p>&nbsp;<\/p>\n<p>Velik je broj udruga, organizacija i ustanova koje imaju svoje programske aktivnosti \u010dija je realizacija mogu\u0107a u prostorijama Srpskog doma zbog tehni\u010dko-logisti\u010dke infrastrukture (velika multifunkcionalna dvorana i mala konferencijska sala). Ova suradnja mo\u017ee biti partnersko-suorganizatorskog karaktera ili servisnog tipa \u2013 davanja prostora i tehni\u010dke pomo\u0107i.<\/p>\n\n\t\t<\/div>\n\t<\/div>\n<\/div><\/div><\/div><\/div>\n<\/div>","protected":false},"excerpt":{"rendered":"<p>\u0412\u0435\u045b \u043f\u0440\u0435\u043c\u0430 \u0441\u0432\u043e\u0458\u043e\u0458 \u043f\u0440\u0432\u043e\u0458 \u043e\u0434\u0440\u0435\u0434\u043d\u0438\u0446\u0438 \u0438 \u0443 \u0441\u043a\u043b\u0430\u0434\u0443 \u0441\u0430 \u0441\u0432\u043e\u0458\u0438\u043c \u0441\u0442\u0430\u0442\u0443\u0442\u0430\u0440\u043d\u0438\u043c \u0434\u0435\u043b\u0430\u0442\u043d\u043e\u0441\u0442\u0438\u043c\u0430, \u0423\u0441\u0442\u0430\u043d\u043e\u0432\u0430 \u0443 \u043a\u0443\u043b\u0442\u0443\u0440\u0438 \u0421\u0440\u043f\u0441\u043a\u0438 \u0434\u043e\u043c, \u043f\u043e\u0434\u0440\u0430\u0437\u0443\u043c\u0435\u0432\u0430 \u0438 \u043f\u0440\u0435\u0442\u043f\u043e\u0441\u0442\u0430\u0432\u0459\u0430 \u0441\u0432\u043e\u0458\u0443 \u043f\u0440\u0438\u043c\u0430\u0440\u043d\u0443 \u0430\u043a\u0442\u0438\u0432\u043d\u043e\u0441\u0442 \u0438 \u0446\u0438\u0459\u0435\u0432\u0435: \u043f\u043e\u0434\u0440\u0448\u043a\u0430 \u0443 \u0447\u0443\u0432\u0430\u045a\u0443, \u043d\u0435\u0433\u043e\u0432\u0430\u045a\u0443, \u0437\u0430\u0448\u0442\u0438\u0442\u0438, \u0430\u0444\u0438\u0440\u043c\u0430\u0446\u0438\u0458\u0438, \u043f\u0440\u0435\u0437\u0435\u043d\u0442\u0430\u0446\u0438\u0458\u0438 \u0438 \u043f\u0440\u043e\u043c\u043e\u0446\u0438\u0458\u0438 \u043a\u0443\u043b\u0442\u0443\u0440\u043d\u0435 \u0431\u0430\u0448\u0442\u0438\u043d\u0435 \u0441\u0440\u043f\u0441\u043a\u043e\u0433 \u043d\u0430\u0440\u043e\u0434\u0430, \u0441\u0430 \u0446\u0438\u0459\u0435\u043c \u043e\u0447\u0443\u0432\u0430\u045a\u0430 \u043a\u0443\u043b\u0442\u0443\u0440\u043d\u0435 \u0438 \u043e\u0431\u0440\u0430\u0437\u043e\u0432\u043d\u0435 \u0430\u0443\u0442\u043e\u043d\u043e\u043c\u0438\u0458\u0435 \u0440\u0430\u0434 \u043d\u0430 \u043f\u043e\u0434\u0438\u0437\u0430\u045a\u0443 \u0441\u0432\u0435\u0441\u0442\u0438 \u043f\u0440\u0438\u043f\u0430\u0434\u043d\u0438\u043a\u0430 \u0441\u0440\u043f\u0441\u043a\u0435 \u0437\u0430\u0458\u0435\u0434\u043d\u0438\u0446\u0435 \u0443 \u0420\u0435\u043f\u0443\u0431\u043b\u0438\u0446\u0438 \u0425\u0440\u0432\u0430\u0442\u0441\u043a\u043e\u0458&hellip;<\/p>","protected":false},"author":1,"featured_media":0,"parent":0,"menu_order":0,"comment_status":"closed","ping_status":"closed","template":"","meta":{"footnotes":""},"class_list":["post-32","page","type-page","status-publish","hentry","description-off"],"_links":{"self":[{"href":"https:\/\/dom.clickercode.com\/hr\/wp-json\/wp\/v2\/pages\/32","targetHints":{"allow":["GET"]}}],"collection":[{"href":"https:\/\/dom.clickercode.com\/hr\/wp-json\/wp\/v2\/pages"}],"about":[{"href":"https:\/\/dom.clickercode.com\/hr\/wp-json\/wp\/v2\/types\/page"}],"author":[{"embeddable":true,"href":"https:\/\/dom.clickercode.com\/hr\/wp-json\/wp\/v2\/users\/1"}],"replies":[{"embeddable":true,"href":"https:\/\/dom.clickercode.com\/hr\/wp-json\/wp\/v2\/comments?post=32"}],"version-history":[{"count":4,"href":"https:\/\/dom.clickercode.com\/hr\/wp-json\/wp\/v2\/pages\/32\/revisions"}],"predecessor-version":[{"id":82,"href":"https:\/\/dom.clickercode.com\/hr\/wp-json\/wp\/v2\/pages\/32\/revisions\/82"}],"wp:attachment":[{"href":"https:\/\/dom.clickercode.com\/hr\/wp-json\/wp\/v2\/media?parent=32"}],"curies":[{"name":"wp","href":"https:\/\/api.w.org\/{rel}","templated":true}]}}