{"id":37,"date":"2025-05-04T19:13:59","date_gmt":"2025-05-04T17:13:59","guid":{"rendered":"https:\/\/dom.clickercode.com\/?page_id=37"},"modified":"2025-05-27T19:07:09","modified_gmt":"2025-05-27T17:07:09","slug":"vizija","status":"publish","type":"page","link":"https:\/\/dom.clickercode.com\/hr\/vizija\/","title":{"rendered":"Vizija"},"content":{"rendered":"<div class=\"wpb-content-wrapper\"><div class=\"vc_row wpb_row vc_row-fluid\"><div class=\"wpb_column vc_column_container vc_col-sm-12\"><div class=\"vc_column-inner\"><div class=\"wpb_wrapper\">\n\t<div class=\"wpb_text_column wpb_content_element\" >\n\t\t<div class=\"wpb_wrapper\">\n\t\t\t<ul>\n<li>Namjera je i vizija da se ovi programi realiziraju na vi\u0161oj profesionalnoj i stru\u010dnoj razini, \u010duvaju\u0107i i njeguju\u0107i tradiciju i dostojno sje\u0107anje na naslije\u0111e iz prethodnog razdoblja prve polovice 20. stolje\u0107a, kada je Srpski dom bio ne samo mjesto okupljanja vukovarskih Srba, nego i svjetionik i perjanica u predstavljanju bogate kulturne ba\u0161tine i visokog umjetni\u010dkog stvarala\u0161tva \u2013 na ponos svojoj zajednici, ali i otvoren prema pripadnicima ve\u0107inskoga naroda i drugih nacionalnih manjina.<\/li>\n<\/ul>\n\n\t\t<\/div>\n\t<\/div>\n\n\t<div class=\"wpb_text_column wpb_content_element\" >\n\t\t<div class=\"wpb_wrapper\">\n\t\t\t<ul>\n<li>Doma\u0107inski pristup. \u2013 Svemu ovome \u017eelimo pristupiti ozbiljno, odgovorno, hrabro i dosljedno, jer to dugujemo onima koji su prije nas \u010dasno i predano obavljali ovaj posao, kao i onima koji nam danas ukazuju povjerenje, onima kojima \u017eelimo sve ovo predstaviti \u2013 na\u0161oj etni\u010dkoj, ali i \u0161iroj zajednici. Odgovorno raspolagati imovinom i resursima, gledati na Srpski dom kao na vlastiti dom, biti mu na usluzi, \u010duvati ga i razvijati uz Bo\u017eju pomo\u0107, koja nam je doslovno i nikad bli\u017ea. Biti ponosni na ono \u0161to jesmo i \u0161to predstavljamo, znati tko smo i kome pripadamo, ali istovremeno biti otvoreni za sve, uvijek spremni za me\u0111usobno po\u0161tovanje i razumijevanje.<\/li>\n<\/ul>\n\n\t\t<\/div>\n\t<\/div>\n\n\t<div  class=\"wpb_single_image wpb_content_element vc_align_center\">\n\t\t\n\t\t<figure class=\"wpb_wrapper vc_figure\">\n\t\t\t<div class=\"vc_single_image-wrapper   vc_box_border_grey\"><img loading=\"lazy\" decoding=\"async\" width=\"800\" height=\"543\" src=\"https:\/\/dom.clickercode.com\/wp-content\/uploads\/2025\/05\/srpski-dom-vukovar-vizija01.jpg\" class=\"vc_single_image-img attachment-full\" alt=\"\" title=\"srpski-dom-vukovar-vizija01\" srcset=\"https:\/\/dom.clickercode.com\/wp-content\/uploads\/2025\/05\/srpski-dom-vukovar-vizija01.jpg 800w, https:\/\/dom.clickercode.com\/wp-content\/uploads\/2025\/05\/srpski-dom-vukovar-vizija01-300x204.jpg 300w, https:\/\/dom.clickercode.com\/wp-content\/uploads\/2025\/05\/srpski-dom-vukovar-vizija01-768x521.jpg 768w, https:\/\/dom.clickercode.com\/wp-content\/uploads\/2025\/05\/srpski-dom-vukovar-vizija01-18x12.jpg 18w\" sizes=\"auto, (max-width: 800px) 100vw, 800px\"  data-dt-location=\"https:\/\/dom.clickercode.com\/hr\/vizija\/srpski-dom-vukovar-vizija01\/\" \/><\/div>\n\t\t<\/figure>\n\t<\/div>\n<\/div><\/div><\/div><\/div>\n<\/div>","protected":false},"excerpt":{"rendered":"<p>\u041d\u0430\u043c\u0435\u0440\u0430 \u0458\u0435 \u0438 \u0432\u0438\u0437\u0438\u0458\u0430 \u0434\u0430 \u0441\u0435 \u043e\u0432\u0438 \u043f\u0440\u043e\u0433\u0440\u0430\u043c\u0438 \u0440\u0435\u0430\u043b\u0438\u0437\u0443\u0458\u0443 \u043d\u0430 \u0432\u0438\u0448\u0435\u043c \u043f\u0440\u043e\u0444\u0435\u0441\u0438\u043e\u043d\u0430\u043b\u043d\u043e\u043c \u0438 \u0441\u0442\u0440\u0443\u0447\u043d\u043e\u043c \u043d\u0438\u0432\u043e\u0443, \u0447\u0443\u0432\u0430\u0458\u0443\u045b\u0438 \u0438 \u043d\u0435\u0433\u0443\u0458\u0443\u045b\u0438 \u0442\u0440\u0430\u0434\u0438\u0446\u0438\u0458\u0443 \u0438 \u0434\u043e\u0441\u0442\u043e\u0458\u043d\u0443 \u0443\u0441\u043f\u043e\u043c\u0435\u043d\u0443 \u043d\u0430 \u043d\u0430\u0441\u043b\u0435\u0452\u0435 \u0443 \u043f\u0440\u0435\u0442\u0445\u043e\u0434\u043d\u043e\u043c \u043f\u0435\u0440\u0438\u043e\u0434\u0443 \u043f\u0440\u0432\u0435 \u043f\u043e\u043b\u043e\u0432\u0438\u043d\u0435 20. \u0432\u0435\u043a\u0430, \u043a\u0430\u0434\u0430 \u0458\u0435 \u0421\u0440\u043f\u0441\u043a\u0438 \u0434\u043e\u043c \u0431\u0438\u043e \u043d\u0435 \u0441\u0430\u043c\u043e \u043c\u0435\u0441\u0442\u043e \u043e\u043a\u0443\u043f\u0459\u0430\u045a\u0430 \u0432\u0443\u043a\u043e\u0432\u0430\u0440\u0441\u043a\u0438\u0445 \u0421\u0440\u0431\u0430, \u043d\u0435\u0433\u043e \u0441\u0432\u0435\u0442\u0438\u043e\u043d\u0438\u043a \u0438\u00a0 \u043f\u0435\u0440\u0458\u0430\u043d\u0438\u0446\u0430 \u0443 \u043f\u0440\u0435\u0437\u0435\u043d\u0442\u043e\u0432\u0430\u045a\u0443 \u0431\u043e\u0433\u0430\u0442\u043e\u0433 \u043a\u0443\u043b\u0442\u0443\u0440\u043d\u043e\u0433 \u043d\u0430\u0441\u043b\u0435\u0452\u0430 \u0438 \u0432\u0438\u0441\u043e\u043a\u043e\u0433 \u0443\u043c\u0435\u0442\u043d\u0438\u0447\u043a\u043e\u0433 \u0441\u0442\u0432\u0430\u0440\u0430\u043b\u0430\u0448\u0442\u0432\u0430,&hellip;<\/p>","protected":false},"author":1,"featured_media":0,"parent":0,"menu_order":0,"comment_status":"closed","ping_status":"closed","template":"","meta":{"footnotes":""},"class_list":["post-37","page","type-page","status-publish","hentry","description-off"],"_links":{"self":[{"href":"https:\/\/dom.clickercode.com\/hr\/wp-json\/wp\/v2\/pages\/37","targetHints":{"allow":["GET"]}}],"collection":[{"href":"https:\/\/dom.clickercode.com\/hr\/wp-json\/wp\/v2\/pages"}],"about":[{"href":"https:\/\/dom.clickercode.com\/hr\/wp-json\/wp\/v2\/types\/page"}],"author":[{"embeddable":true,"href":"https:\/\/dom.clickercode.com\/hr\/wp-json\/wp\/v2\/users\/1"}],"replies":[{"embeddable":true,"href":"https:\/\/dom.clickercode.com\/hr\/wp-json\/wp\/v2\/comments?post=37"}],"version-history":[{"count":6,"href":"https:\/\/dom.clickercode.com\/hr\/wp-json\/wp\/v2\/pages\/37\/revisions"}],"predecessor-version":[{"id":174,"href":"https:\/\/dom.clickercode.com\/hr\/wp-json\/wp\/v2\/pages\/37\/revisions\/174"}],"wp:attachment":[{"href":"https:\/\/dom.clickercode.com\/hr\/wp-json\/wp\/v2\/media?parent=37"}],"curies":[{"name":"wp","href":"https:\/\/api.w.org\/{rel}","templated":true}]}}